{"id":245,"date":"2025-10-07T13:02:34","date_gmt":"2025-10-07T13:02:34","guid":{"rendered":"https:\/\/cayxanhhoaan.com\/?page_id=245"},"modified":"2025-10-07T13:02:34","modified_gmt":"2025-10-07T13:02:34","slug":"dich-vu","status":"publish","type":"page","link":"https:\/\/cayxanhhoaan.com\/index.php\/dich-vu\/","title":{"rendered":"D\u1ecbch v\u1ee5"},"content":{"rendered":"\n<h2 class=\"wp-block-heading\">C\u00d4NG TY TNHH H\u00d2A AN CHUY\u00caN CUNG C\u1ea4P<\/h2>\n\n\n\n<h3 class=\"wp-block-heading\">1. C\u00e2y r\u1eebng ng\u1eadp m\u1eb7n<\/h3>\n\n\n\n<h3 class=\"wp-block-heading\">2. Gi\u1ed1ng c\u00e2y b\u00f3ng m\u00e1t<\/h3>\n\n\n\n<h3 class=\"wp-block-heading\">3. C\u00e2y \u0103n tr\u00e1i c\u1ed5 th\u1ee5<\/h3>\n\n\n\n<h3 class=\"wp-block-heading\">4. Th\u1ea3m c\u1ecf<\/h3>\n\n\n\n<h2 class=\"wp-block-heading\">D\u1ecaCH V\u1ee4 TR\u1ed2NG &amp; CH\u0102M S\u00d3C D\u1ef0 \u00c1N C\u00c2Y R\u1eeaNG<\/h2>\n\n\n<div class=\"wp-block-image\">\n<figure class=\"aligncenter size-large\"><img loading=\"lazy\" decoding=\"async\" width=\"1024\" height=\"573\" src=\"https:\/\/cayxanhhoaan.com\/wp-content\/uploads\/2025\/10\/Cong-nhan-Viet-Nam-dang-trong-cay-gay-rung-tren-bai-bien-phu-sa.-Ho-doi-mu-bao-ho-mau-vang-1024x573.jpg\" alt=\"C\u00f4ng nh\u00e2n \u0111ang tr\u1ed3ng c\u00e2y tr\u00ean d\u1ef1 \u00e1n b\u00e3i bi\u1ec3n\" class=\"wp-image-246\" srcset=\"https:\/\/cayxanhhoaan.com\/wp-content\/uploads\/2025\/10\/Cong-nhan-Viet-Nam-dang-trong-cay-gay-rung-tren-bai-bien-phu-sa.-Ho-doi-mu-bao-ho-mau-vang-1024x573.jpg 1024w, https:\/\/cayxanhhoaan.com\/wp-content\/uploads\/2025\/10\/Cong-nhan-Viet-Nam-dang-trong-cay-gay-rung-tren-bai-bien-phu-sa.-Ho-doi-mu-bao-ho-mau-vang-300x168.jpg 300w, https:\/\/cayxanhhoaan.com\/wp-content\/uploads\/2025\/10\/Cong-nhan-Viet-Nam-dang-trong-cay-gay-rung-tren-bai-bien-phu-sa.-Ho-doi-mu-bao-ho-mau-vang-768x430.jpg 768w, https:\/\/cayxanhhoaan.com\/wp-content\/uploads\/2025\/10\/Cong-nhan-Viet-Nam-dang-trong-cay-gay-rung-tren-bai-bien-phu-sa.-Ho-doi-mu-bao-ho-mau-vang-1536x860.jpg 1536w, https:\/\/cayxanhhoaan.com\/wp-content\/uploads\/2025\/10\/Cong-nhan-Viet-Nam-dang-trong-cay-gay-rung-tren-bai-bien-phu-sa.-Ho-doi-mu-bao-ho-mau-vang.jpg 1600w\" sizes=\"auto, (max-width: 1024px) 100vw, 1024px\" \/><figcaption class=\"wp-element-caption\">C\u00f4ng nh\u00e2n \u0111ang tr\u1ed3ng c\u00e2y tr\u00ean d\u1ef1 \u00e1n b\u00e3i bi\u1ec3n<\/figcaption><\/figure>\n<\/div>\n\n\n<figure class=\"wp-block-image size-large\"><img loading=\"lazy\" decoding=\"async\" width=\"1024\" height=\"573\" src=\"https:\/\/cayxanhhoaan.com\/wp-content\/uploads\/2025\/10\/Cong-nhan-Viet-Nam-dang-trong-cay-gay-rung-tren-bai-bien-phu-sa.-Ho-doi-mu-bao-ho-mau-vang-1-1024x573.jpg\" alt=\"Tr\u1ed3ng c\u00e2y d\u1ef1 \u00e1n l\u1ea5n bi\u1ec3n\" class=\"wp-image-247\" srcset=\"https:\/\/cayxanhhoaan.com\/wp-content\/uploads\/2025\/10\/Cong-nhan-Viet-Nam-dang-trong-cay-gay-rung-tren-bai-bien-phu-sa.-Ho-doi-mu-bao-ho-mau-vang-1-1024x573.jpg 1024w, https:\/\/cayxanhhoaan.com\/wp-content\/uploads\/2025\/10\/Cong-nhan-Viet-Nam-dang-trong-cay-gay-rung-tren-bai-bien-phu-sa.-Ho-doi-mu-bao-ho-mau-vang-1-300x168.jpg 300w, https:\/\/cayxanhhoaan.com\/wp-content\/uploads\/2025\/10\/Cong-nhan-Viet-Nam-dang-trong-cay-gay-rung-tren-bai-bien-phu-sa.-Ho-doi-mu-bao-ho-mau-vang-1-768x430.jpg 768w, https:\/\/cayxanhhoaan.com\/wp-content\/uploads\/2025\/10\/Cong-nhan-Viet-Nam-dang-trong-cay-gay-rung-tren-bai-bien-phu-sa.-Ho-doi-mu-bao-ho-mau-vang-1-1536x860.jpg 1536w, https:\/\/cayxanhhoaan.com\/wp-content\/uploads\/2025\/10\/Cong-nhan-Viet-Nam-dang-trong-cay-gay-rung-tren-bai-bien-phu-sa.-Ho-doi-mu-bao-ho-mau-vang-1.jpg 1600w\" sizes=\"auto, (max-width: 1024px) 100vw, 1024px\" \/><figcaption class=\"wp-element-caption\">Tr\u1ed3ng c\u00e2y d\u1ef1 \u00e1n l\u1ea5n bi\u1ec3n<\/figcaption><\/figure>\n","protected":false},"excerpt":{"rendered":"<p>C\u00d4NG TY TNHH H\u00d2A AN CHUY\u00caN CUNG C\u1ea4P 1. C\u00e2y r\u1eebng ng\u1eadp m\u1eb7n 2. Gi\u1ed1ng c\u00e2y b\u00f3ng m\u00e1t 3. C\u00e2y \u0103n tr\u00e1i c\u1ed5 th\u1ee5 4. Th\u1ea3m c\u1ecf D\u1ecaCH V\u1ee4 TR\u1ed2NG &amp; CH\u0102M S\u00d3C D\u1ef0 \u00c1N C\u00c2Y R\u1eeaNG<\/p>\n","protected":false},"author":1,"featured_media":0,"parent":0,"menu_order":0,"comment_status":"closed","ping_status":"closed","template":"","meta":{"footnotes":""},"class_list":["post-245","page","type-page","status-publish","hentry"],"_links":{"self":[{"href":"https:\/\/cayxanhhoaan.com\/index.php\/wp-json\/wp\/v2\/pages\/245","targetHints":{"allow":["GET"]}}],"collection":[{"href":"https:\/\/cayxanhhoaan.com\/index.php\/wp-json\/wp\/v2\/pages"}],"about":[{"href":"https:\/\/cayxanhhoaan.com\/index.php\/wp-json\/wp\/v2\/types\/page"}],"author":[{"embeddable":true,"href":"https:\/\/cayxanhhoaan.com\/index.php\/wp-json\/wp\/v2\/users\/1"}],"replies":[{"embeddable":true,"href":"https:\/\/cayxanhhoaan.com\/index.php\/wp-json\/wp\/v2\/comments?post=245"}],"version-history":[{"count":1,"href":"https:\/\/cayxanhhoaan.com\/index.php\/wp-json\/wp\/v2\/pages\/245\/revisions"}],"predecessor-version":[{"id":249,"href":"https:\/\/cayxanhhoaan.com\/index.php\/wp-json\/wp\/v2\/pages\/245\/revisions\/249"}],"wp:attachment":[{"href":"https:\/\/cayxanhhoaan.com\/index.php\/wp-json\/wp\/v2\/media?parent=245"}],"curies":[{"name":"wp","href":"https:\/\/api.w.org\/{rel}","templated":true}]}}